{"id":107,"date":"2020-12-07T16:27:36","date_gmt":"2020-12-07T15:27:36","guid":{"rendered":"http:\/\/chicane-lemag.fr\/2020\/?page_id=107"},"modified":"2022-04-08T13:05:20","modified_gmt":"2022-04-08T11:05:20","slug":"reperes-controverse","status":"publish","type":"page","link":"https:\/\/chicane-lemag.fr\/11\/reperes-controverse\/","title":{"rendered":"Les rep\u00e8res de la controverse"},"content":{"rendered":"\n<h1>\n\t<\/h1>\n\t<p>Pour refroidir la controverse et exposer l&rsquo;ensemble des points de vue, l&rsquo;\u00e9quipe du Chicane vous propose 3 \u00e9l\u00e9ments de rep\u00e8res : un \u00ab arbre des d\u00e9bats \u00bb qui visualise et restitue la complexit\u00e9 des enjeux soulev\u00e9s, la cartographie des acteurs et la chronologie de la controverse<\/p>\n\t\t\t<a href=\"http:\/\/chicane-lemag.fr\/11\/reperes-controverse\/#ARBRE\" target=\"_self\" role=\"button\" rel=\"noopener\">\n\t\t\t\t\t\tL&rsquo;arbre des d\u00e9bats\n\t\t\t\t\t<\/a>\n\t\t\t<a href=\"http:\/\/chicane-lemag.fr\/11\/reperes-controverse\/#CARTE\" target=\"_self\" role=\"button\" rel=\"noopener\">\n\t\t\t\t\t\tLa carte des acteurs\n\t\t\t\t\t<\/a>\n\t\t\t<a href=\"http:\/\/chicane-lemag.fr\/11\/reperes-controverse\/#CHRONO\" target=\"_self\" role=\"button\" rel=\"noopener\">\n\t\t\t\t\t\tLa chronologie de la controverse\n\t\t\t\t\t<\/a>\n<h2>\n\t\tL&rsquo;arbre des d\u00e9bats\n\t<\/h2>\n\t\t\t\t<img decoding=\"async\" src=\"http:\/\/chicane-lemag.fr\/2020\/wp-content\/uploads\/sites\/2\/2021\/01\/arbredebat-11-1.png\" alt=\"arbredebat #11 (1)\" itemprop=\"image\" title=\"arbredebat #11 (1)\" onerror=\"this.style.display='none'\"  \/>\n<h2>\n\t\tLa carte des acteurs\n\t<\/h2>\n\t\t\t\t<a href=\"https:\/\/chicane-lemag.fr\/11\/wp-content\/uploads\/sites\/2\/2021\/01\/Cartographie-des-acteurs.png\" target=\"_self\" itemprop=\"url\" rel=\"noopener\">\n\t\t\t\t<img decoding=\"async\" src=\"http:\/\/chicane-lemag.fr\/2020\/wp-content\/uploads\/sites\/2\/2021\/01\/Cartographie-des-acteurs.png\" alt=\"Cartographie des acteurs\" itemprop=\"image\" title=\"Cartographie des acteurs\" onerror=\"this.style.display='none'\"  \/>\n\t\t\t\t<\/a>\n\t<table>\n<tbody>\n<tr>\n<td>Gouvernement<\/td>\n<td>\n<p>Pendant la crise de la Covid-19, le gouvernement d&rsquo;Edouard Philippe puis Jean Castex a d\u00e9velopp\u00e9 un nouveau vocabulaire en parlant de travailleurs en premi\u00e8re, seconde et troisi\u00e8me ligne. De nombreuses questions en d\u00e9coulent : salaires, valorisation de l&rsquo;effort, temps de travail&#8230;<\/p>\n<\/td>\n<\/tr>\n<tr>\n<td>David Graeber<\/td>\n<td>\n<p>David Graeber est un anthropologue \u00e9tats-unien qui a th\u00e9oris\u00e9 le concept de \u00ab\u00a0<em>bullshit jobs<\/em>\u00ab\u00a0, expression signifiant \u00ab\u00a0m\u00e9tiers \u00e0 la con\u00a0\u00bb. Graeber postule que \u00ab\u00a0la soci\u00e9t\u00e9 moderne repose sur l&rsquo;ali\u00e9nation de la vaste majorit\u00e9 des travailleurs de bureau, amen\u00e9s \u00e0 d\u00e9dier leur vie \u00e0 des t\u00e2ches inutiles\u00a0\u00bb.<\/p>\n<\/td>\n<\/tr>\n<tr>\n<td>MEDEF<\/td>\n<td>\n<p>Cr\u00e9\u00e9 en 1998, le Mouvement des Entreprises de France (MEDEF) est le syndicat patronal le plus repr\u00e9sentatif. Pr\u00e9sident de l&rsquo;organisation depuis 2018, Geoffroy Roux de B\u00e9zieux a plaid\u00e9 pour l&rsquo;allongement du temps de travail hebdomadaire et freine tout projet de revalorisation des salaires pour pallier la r\u00e9cession.<\/p>\n<\/td>\n<\/tr>\n<tr>\n<td>Dominique M\u00e9da<\/td>\n<td>\n<p>Pour cette sociologue et philosophe de l&rsquo;universit\u00e9 de Paris Dauphine, la crise de la Covid-19 a engendr\u00e9 la red\u00e9couverte de l'\u00a0\u00bbutilit\u00e9\u00a0\u00bb de m\u00e9tiers invisibles. Pour M\u00e9da, \u00ab\u00a0il faut revoir l&rsquo;\u00e9chelle de la reconnaissance sociale et de la r\u00e9mun\u00e9ration des m\u00e9tiers\u00a0\u00bb, l&rsquo;\u00e9pid\u00e9mie mettant en lumi\u00e8re les in\u00e9galit\u00e9s du monde du travail.<\/p>\n<\/td>\n<\/tr>\n<tr>\n<td>CGT | FO<\/td>\n<td>\n<p>Dans le contexte pand\u00e9mique, de nombreux rassemblements ont \u00e9t\u00e9 organis\u00e9s par FO ou encore la CGT pour d\u00e9fendre une meilleure r\u00e9mun\u00e9ration des travailleurs essentiels. Ils ont notamment revendiqu\u00e9 une augmentation des salaires de 300 euros bruts mensuels pour tous, des primes pour les salari\u00e9s pendant la p\u00e9riode de confinement.<\/p>\n<\/td>\n<\/tr>\n<tr>\n<td>Naomi Klein<\/td>\n<td>\n<p>Journaliste et altermondialiste canado-am\u00e9ricaine. Elle s&rsquo;est fait conna\u00eetre pour avoir remis en question le capitalisme, le n\u00e9olib\u00e9ralisme et la mondialisation. Dans son ouvrage No Logo, elle d\u00e9nonce notamment les abus commis sur les lieux de travail. Selon elle, la pand\u00e9mie du coronavirus a montr\u00e9 qui sont les travailleurs essentiels de notre \u00e9conomie et \u00e0 quel point ceux-ci ont \u00e9t\u00e9 maltrait\u00e9s.<\/p>\n<\/td>\n<\/tr>\n<tr>\n<td>Thomas Piketty<\/td>\n<td>\n<p>Economiste fran\u00e7ais. Partisan du revenu universel et du mouvement socialiste, il est c\u00e9l\u00e8bre pour son ouvrage Capital au XXIe si\u00e8cle. Dans le contexte actuel, il d\u00e9nonce le plan de relance du gouvernement pour faire face \u00e0 la crise, jugeant qu&rsquo;il n\u00e9glige la demande de justice sociale et revendique l&rsquo;augmentation des\u00a0salaires dans la fonction publique, la sant\u00e9, l&rsquo;\u00e9ducation et la recherche.<\/p>\n<\/td>\n<\/tr>\n<tr>\n<td>Sylvaine Perragin<\/td>\n<td>\n<p>Psychologue du travail ind\u00e9pendante fran\u00e7aise. Elle s&rsquo;est fait conna\u00eetre suite \u00e0 son ouvrage <em>Le Salaire de la Peine<\/em>. Elle y d\u00e9nonce le business de la souffrance au travail. Elle souligne le caract\u00e8re inutile des m\u00e9thodes mises en place par les entreprises pour atteindre le fameux bonheur au travail.<\/p>\n<\/td>\n<\/tr>\n<tr>\n<td>SNPI &#8211; Syndicat National des Professionnels Infirmiers<\/td>\n<td>\n<p>Le SNPI a r\u00e9clam\u00e9 de v\u00e9ritables n\u00e9gociations lors du S\u00e9gur de la Sant\u00e9 2020. Une demande de revalorisation des salaires de 300\u20ac\/mois a \u00e9t\u00e9 initi\u00e9e, le personnel fran\u00e7ais \u00e9tant, selon-eux, sous-pay\u00e9. Le syndicat a \u00e9galement d\u00e9nonc\u00e9 la \u00ab\u00a0fakenews\u00a0\u00bb sur une hausse des salaires de juillet pour les soignants.<\/p>\n<\/td>\n<\/tr>\n<tr>\n<td>CFDT<\/td>\n<td>\n<p>La principale conf\u00e9d\u00e9ration interprofessionnelle de syndicats fran\u00e7ais de salari\u00e9s, la CFDT, a sign\u00e9 un accord historique (juillet 2020) en faveur des personnels des services hospitaliers, Ephad publics, secteurs associatifs et lucratifs. Apr\u00e8s de nombreuses n\u00e9gociations, l&rsquo;accord comprend: une enveloppe de 7,5 milliards d&rsquo;euros, des embauches, des cr\u00e9ations de postes, des carri\u00e8res am\u00e9lior\u00e9es.<\/p>\n<\/td>\n<\/tr>\n<tr>\n<td>CPME<\/td>\n<td>\n<p>Organisation syndicale repr\u00e9sentant les dirigeants, dirigeantes de Petites et Moyennes Entreprises (PME), la CPME a \u00e9t\u00e9 particuli\u00e8rement active au moment du second confinement li\u00e9 \u00e0 la COVID-19. La Conf\u00e9d\u00e9ration a ainsi appel\u00e9 \u00e0 une marge de man\u0153uvre plus importante pour les pr\u00e9fets, afin de pouvoir d\u00e9cider localement de la r\u00e9ouverture de certains \u00ab\u00a0commerces non-essentiels\u00a0\u00bb.<\/p>\n<\/td>\n<\/tr>\n<\/tbody>\n<\/table>\n<h2>\n\t\tLa chronologie de la controverse\n\t<\/h2>\n\t\t\t\t\t\t\t<h3>26\/08\/1789 &#8211; La D\u00e9claration des Droits de l&rsquo;Homme et du Citoyen: \u00ab\u00a0Les distinctions sociales ne peuvent \u00eatre fond\u00e9es que sur l&rsquo;utilit\u00e9 commune.\u00a0\u00bb<\/h3>\n\t\t\t\t\t\t\t<p>L&rsquo;article 1 de la D\u00e9claration des Droits de l&rsquo;Homme et du Citoyen \u00e9rige l&rsquo;\u00e9galit\u00e9 comme principe fondateur de la R\u00e9publique. Selon l&rsquo;\u00e9conomiste Thomas Piketty, il peut \u00eatre analys\u00e9 de mani\u00e8re \u00ab\u00a0contradictoire\u00a0\u00bb. Si les in\u00e9galit\u00e9s peuvent servir \u00e0 une redistribution des ressources vers les \u00ab\u00a0plus pauvres\u00a0\u00bb, le droit de propri\u00e9t\u00e9 abord\u00e9 \u00e0 l&rsquo;article 2 retoque cette interpr\u00e9tation.<\/p>\n\t\t\t\t\t\t\t<h3>1819 &#8211; La parabole de Saint-Simon<\/h3>\n\t\t\t\t\t\t\t<p>Saint-Simon, philosophe utopiste du 18\u00e8me si\u00e8cle, imagine un monde divis\u00e9 entre producteurs et nobles rentiers. Il montre l&rsquo;absence de participation des seconds \u00e0 la richesse de la Nation, et affirme le caract\u00e8re essentiel des producteurs en France. Pr\u00e9curseur de la lutte des classes, sa parabole r\u00e9sonne aujourd&rsquo;hui dans la s\u00e9paration entre travailleurs essentiels et t\u00e9l\u00e9travailleurs confin\u00e9s.<\/p>\t\t\t\t\t\t\t\t\t\t\t\t\t\n\t\t\t\t\t\t\t<h3>07\/06\/1936 &#8211; La signature des accords de Matignon<\/h3>\n\t\t\t\t\t\t\t<p>En 1936, le Front Populaire dirige les n\u00e9gociations entre patronat et syndicats, qui ont abouti \u00e0 des mesures revalorisant les revenus du travail et le temps de loisir des travailleuses ou travailleurs, comme l&rsquo;octroi de 15 jours de cong\u00e9s pay\u00e9s ou la semaine de 40 heures. Cette p\u00e9riode est souvent consid\u00e9r\u00e9e comme un aboutissement pour un meilleur \u00e9quilibre du temps de travail.<\/p>\t\t\t\t\t\t\t\t\t\t\t\t\t\n\t\t\t\t\t\t\t<h3>1944 &#8211; Le programme du Conseil national de la r\u00e9sistance<\/h3>\n\t\t\t\t\t\t\t<p>Apr\u00e8s le Second conflit mondial, le gouvernement provisoire adopte le programme du Conseil National de la R\u00e9sistance dans une s\u00e9rie d&rsquo;ordonnances. A l&rsquo;heure de la reconstruction nationale, la relance \u00e9conomique est enclench\u00e9e gr\u00e2ce \u00e0 de nouveaux droits pour assurer des emplois stables et bien r\u00e9mun\u00e9r\u00e9s: comit\u00e9s d&rsquo;entreprise, nationalisations, cr\u00e9ation de la s\u00e9curit\u00e9 sociale&#8230;<\/p>\t\t\t\t\t\t\t\t\t\t\t\t\t\n\t\t\t\t\t\t\t<h3>1980 &#8211; Les d\u00e9buts du New Public Management<\/h3>\n\t\t\t\t\t\t\t<p>Dans les ann\u00e9es 1980, la pens\u00e9e du New Public Management impose l&rsquo;application des imp\u00e9ratifs de rentabilit\u00e9 au secteur public. De nouveaux instruments \u00e9mergent, pr\u00f4nant la culture du r\u00e9sultat plut\u00f4t que des moyens. La cr\u00e9ation de la tarification \u00e0 l&rsquo;activit\u00e9 (T2A) dans le milieu hospitalier en est un h\u00e9ritage.<\/p>\t\t\t\t\t\t\t\t\t\t\t\t\t\n\t\t\t\t\t\t\t<h3>17\/09\/2011 &#8211; D\u00e9but du mouvement Occupy Wall Street<\/h3>\n\t\t\t\t\t\t\t<p>Des am\u00e9ricains ont camp\u00e9 devant le quartier de la bourse de New York, brandissant le slogan<i> \u00ab\u00a0Occupy Wall Street\u00a0\u00bb<\/i>. Le mouvement s&rsquo;est par la suite \u00e9tendu \u00e0 environ 1 500 villes et 82 pays. Ses principales revendications sont : plus de justice sociale, la lutte contre la mauvaise r\u00e9partition des richesses, les in\u00e9galit\u00e9s des revenus&#8230; Graeber a \u00e9t\u00e9 l&rsquo;un des promoteurs du mouvement.<\/p>\t\t\t\t\t\t\t\t\t\t\t\t\t\n\t\t\t\t\t\t\t<h3>01\/08\/2013 &#8211; L&rsquo;apparition du concept de \u00ab\u00a0bullshit jobs\u00a0\u00bb, David Graeber<\/h3>\n\t\t\t\t\t\t\t<p>David Graeber fait \u00e9merger le terme de \u00ab\u00a0<i>bullshit jobs\u00a0\u00bb<\/i>: des emplois per\u00e7us peu utiles, d\u00e9nu\u00e9s de sens. Il d\u00e9nonce un syst\u00e8me capitaliste dans lequel consultants et experts en marketing sont davantage pay\u00e9s que les infirmi\u00e8res, professeurs ou encore \u00e9boueurs. Il d\u00e9nonce \u00e9galement la corr\u00e9lation inverse qui existe entre utilit\u00e9 et r\u00e9mun\u00e9ration : plus un emploi est utile, moins il est r\u00e9mun\u00e9r\u00e9.\u00a0<\/p>\t\t\t\t\t\t\t\t\t\t\t\t\t\n\t\t\t\t\t\t\t<h3>31\/03\/2016 &#8211; Nuit debout : le mouvement social contre la Loi Travail<\/h3>\n\t\t\t\t\t\t\t<p>S&rsquo;opposant \u00e0 la r\u00e9forme du code du Travail port\u00e9e par la ministre Myriam El Khomri, des milliers de militants se sont r\u00e9unis pour l&rsquo;op\u00e9ration #NuitDebout. Ils occupent d\u00e8s la fin de la manifestation du 31 mars diff\u00e9rentes places des villes de France pendant la nuit. Parmi les sujets de contestation : baisse des hauts revenus, salaires \u00e0 vie, meilleure reconnaissance des minorit\u00e9s&#8230;<\/p>\t\t\t\t\t\t\t\t\t\t\t\t\t\n\t\t\t\t\t\t\t<h3>16\/03\/2020 &#8211; L&rsquo;annonce du confinement par le Pr\u00e9sident de la R\u00e9publique <\/h3>\n\t\t\t\t\t\t\t<p>Le 16 mars 2020, Emmanuel Macron a annonc\u00e9 pour une dur\u00e9e d&rsquo;au minimum 15 jours des mesures de confinement pour endiguer l&rsquo;\u00e9pid\u00e9mie de COVID-19 en limitant le nombre de contacts. Les fran\u00e7ais ont \u00e9t\u00e9 invit\u00e9s \u00e0 rester chez eux, mais les <i>\u00ab\u00a0travailleurs essentiels\u00a0\u00bb<\/i> (personnel soignant, m\u00e9tiers de la logistique&#8230;) ont continu\u00e9 \u00e0 travailler depuis leur lieu de travail habituel.\u00a0<\/p>\t\t\t\t\t\t\t\t\t\t\t\t\t\n\t\t\t\t\t\t\t<h3>13\/04\/2020 &#8211; Emmanuel Macron reconna\u00eet un probl\u00e8me de r\u00e9mun\u00e9ration des \u00ab\u00a0travailleurs essentiels\u00a0\u00bb<\/h3>\n\t\t\t\t\t\t\t\t\t\t\t\t\t\t\t\t\t\t\t\t\n\t\t\t\t\t\t\t<h3>25\/05\/2020 &#8211; Ouverture du S\u00e9gur de la Sant\u00e9 par le Gouvernement<\/h3>\n\t\t\t\t\t\t\t<p>Cette concertation entre repr\u00e9sentants des soignants, des patients et le gouvernement avait pour but d&rsquo;am\u00e9liorer le quotidien des soignants et la prise en charge des patients. Le gouvernement a annonc\u00e9 le d\u00e9blocage de 8,2 milliards d&rsquo;euros par an pour revaloriser les carri\u00e8res des soignants, 15 000 recrutements \u00e0 l&rsquo;h\u00f4pital public et la sortie du<i> \u00ab\u00a0tout T2A\u00a0\u00bb<\/i>. Trois syndicats (CFDT, FO, UNSA) ont approuv\u00e9 ce projet d&rsquo;accord.<\/p>\t\t\t\t\t\t\t\t\t\t\t\t\t\n\t\t\t\t\t\t\t<h3>26\/08\/2020 &#8211; Geoffroy Roux de B\u00e9zieux (MEDEF) demande une augmentation du temps de travail face \u00e0 la crise<\/h3>\n\t\t\t\t\t\t\t<p>D\u00e8s avril 2020, en p\u00e9riode de confinement, le pr\u00e9sident de la premi\u00e8re organisation patronale de France mettait d&rsquo;ores et d\u00e9j\u00e0 en garde des mesures qui seraient n\u00e9cessaires \u00e0 la reprise de l&rsquo;\u00e9conomie apr\u00e8s la crise, remettant en question le \u00ab\u00a0<i>temps de travail, les jours f\u00e9ri\u00e9s et les cong\u00e9s pay\u00e9s<\/i>\u00ab\u00a0. Malgr\u00e9 le toll\u00e9 suscit\u00e9, celui-ci a de nouveau demand\u00e9 \u00e0 ouvrir ce d\u00e9bat, le 26 ao\u00fbt dernier.<\/p>\t\t\t\t\t\t\t\t\t\t\t\t\t\n\t\t\t\t\t\t\t<h3>07\/10\/2020 &#8211; Journ\u00e9e mondiale sur le travail d\u00e9cent : mobilisation pour la revalorisation des salaires<\/h3>\n\t\t\t\t\t\t\t<p>Comme depuis quelques ann\u00e9es, la Journ\u00e9e mondiale sur le travail d\u00e9cent 2020 a mis l&rsquo;accent sur la lutte \u00e0 l&rsquo;\u00e9chelle mondiale pour un salaire minimum d\u00e9cent et une augmentation salariale pour tous et toutes. Cela signifie : veiller \u00e0 ce que les salaires minimums soient suffisants pour garantir un niveau de vie d\u00e9cent, le droit d&rsquo;adh\u00e9rer \u00e0 un syndicat et de n\u00e9gocier collectivement&#8230;<\/p>\t\t\t\t\t\t\t\t\t\t\t\t\t\n\n","protected":false},"excerpt":{"rendered":"<p>Pour refroidir la controverse et exposer l&rsquo;ensemble des points de vue, l&rsquo;\u00e9quipe du Chicane vous propose 3 \u00e9l\u00e9ments de rep\u00e8res : un \u00ab arbre des d\u00e9bats \u00bb qui visualise et restitue la complexit\u00e9 des enjeux soulev\u00e9s, la cartographie des acteurs et la chronologie de la controverse L&rsquo;arbre des d\u00e9bats La carte des acteurs La chronologie&hellip;<\/p>\n","protected":false},"author":1,"featured_media":0,"parent":0,"menu_order":0,"comment_status":"closed","ping_status":"closed","template":"","meta":{"_acf_changed":false,"footnotes":""},"class_list":["post-107","page","type-page","status-publish","hentry"],"acf":[],"_links":{"self":[{"href":"https:\/\/chicane-lemag.fr\/11\/wp-json\/wp\/v2\/pages\/107","targetHints":{"allow":["GET"]}}],"collection":[{"href":"https:\/\/chicane-lemag.fr\/11\/wp-json\/wp\/v2\/pages"}],"about":[{"href":"https:\/\/chicane-lemag.fr\/11\/wp-json\/wp\/v2\/types\/page"}],"author":[{"embeddable":true,"href":"https:\/\/chicane-lemag.fr\/11\/wp-json\/wp\/v2\/users\/1"}],"replies":[{"embeddable":true,"href":"https:\/\/chicane-lemag.fr\/11\/wp-json\/wp\/v2\/comments?post=107"}],"version-history":[{"count":0,"href":"https:\/\/chicane-lemag.fr\/11\/wp-json\/wp\/v2\/pages\/107\/revisions"}],"wp:attachment":[{"href":"https:\/\/chicane-lemag.fr\/11\/wp-json\/wp\/v2\/media?parent=107"}],"curies":[{"name":"wp","href":"https:\/\/api.w.org\/{rel}","templated":true}]}}