{"id":107,"date":"2020-12-07T16:27:36","date_gmt":"2020-12-07T15:27:36","guid":{"rendered":"http:\/\/chicane-lemag.fr\/2019\/?page_id=107"},"modified":"2023-05-08T11:09:49","modified_gmt":"2023-05-08T09:09:49","slug":"reperes-controverse","status":"publish","type":"page","link":"https:\/\/chicane-lemag.fr\/15\/reperes-controverse\/","title":{"rendered":"La chronologie de la controverse"},"content":{"rendered":"\n<h1>\n\t<\/h1>\n\t\t\t\t\t\t\t<h3>1770 &#8211; Invention du Turc M\u00e9canique, un automate joueur d&rsquo;\u00e9checs.<\/h3>\n\t\t\t\t\t\t\t<p>Automate joueur d&rsquo;\u00e9checs, le Turc M\u00e9canique a parcouru les foires d&rsquo;Europe et des Etats-Unis battant notamment Napol\u00e9on et Benjamin Franklin. Ce n&rsquo;est qu&rsquo;en 1855 que le secret est perc\u00e9. La revue Chess Monthly r\u00e9v\u00e8la dans une s\u00e9rie d&rsquo;articles que quelqu&rsquo;un se cachait en r\u00e9alit\u00e9 dans le grand caisson en bois sous l&rsquo;\u00e9chiquier. Amazon s&rsquo;en est inspir\u00e9 pour d\u00e9signer son service de travailleurs du click.<\/p>\t\t\t\t\t\t\t\t\t\t\t\t\t\n\t\t\t\t\t\t\t<h3>1811 &#8211; Luddisme : premi\u00e8re R\u00e9action politique n\u00e9gative de l&rsquo;homme par rapport \u00e0 la machine<\/h3>\n\t\t\t\t\t\t\t<p>Le 26 mars 1811, les luddites se rebellent contre les nouvelles machines \u00e0 tisser, achet\u00e9es par les employeurs de leur usine. Cette date nous montre que l&rsquo;entr\u00e9e des nouvelles technologies dans nos soci\u00e9t\u00e9s a souvent suscit\u00e9 une peur et un rejet.<\/p>\t\t\t\t\t\t\t\t\t\t\t\t\t\n\t\t\t\t\t\t\t<h3>1943 &#8211; Th\u00e9orisation de la notion de \u00ab\u00a0r\u00e9seau de neurones\u00a0\u00bb<\/h3>\n\t\t\t\t\t\t\t<p>En 1943, les neurophysiologistes Warren McCulloch et Walter Pitts assimil\u00e8rent pour la premi\u00e8re fois le cerveau humain aux machines en cr\u00e9ant math\u00e9matiquement un neurone formel, imitant le neurone biologique. Ils furent \u00e0 l&rsquo;origine du concept de \u00ab\u00a0r\u00e9seau de neurone\u00a0\u00bb, ayant connu un regain d&rsquo;int\u00e9r\u00eat dans les ann\u00e9es 1980 et 2010, permettant chaque fois de r\u00e9soudre des probl\u00e8mes plus difficiles.<\/p>\t\t\t\t\t\t\t\t\t\t\t\t\t\n\t\t\t\t\t\t\t<h3>15\/07\/1949 &#8211; \u00ab\u00a0Memorandum\u00a0\u00bb de Warren Weaver sur la traduction automatique par ordinateur<\/h3>\n\t\t\t\t\t\t\t<p>Apr\u00e8s la Seconde Guerre Mondiale, Warren Weaver, un scientifique am\u00e9ricain, a exp\u00e9riment\u00e9 la traduction automatique. Il a r\u00e9dig\u00e9 The \u00ab\u00a0Translation m\u00e9morandum\u00a0\u00bb qui sugg\u00e8re une m\u00e9thode de traduction plus \u00e9labor\u00e9e que celle du \u00ab\u00a0mot \u00e0 mot\u00a0\u00bb. Il est \u00e0 l&rsquo;origine de la cr\u00e9ation de centres de traduction automatique dans les universit\u00e9s, afin de traduire des textes scientifiques du russe vers l&rsquo;anglais.<\/p>\t\t\t\t\t\t\t\t\t\t\t\t\t\n\t\t\t\t\t\t\t<h3>1954 &#8211; Premi\u00e8re d\u00e9monstration de traduction automatique avec l&rsquo;exp\u00e9rience Georgetown-IBM<\/h3>\n\t\t\t\t\t\t\t<p>En partenariat avec IBM, une \u00e9quipe de l&rsquo;universit\u00e9 de Georgetown a pr\u00e9sent\u00e9 un des premiers syst\u00e8mes de traduction automatique. Pour la d\u00e9monstration, 60 phrases sont traduites du russe \u00e0 l&rsquo;anglais. La prouesse est limit\u00e9e, les phrases \u00e9tant soigneusement choisies et le traducteur ne contenait que 250 mots de vocabulaire. Toutefois, elle a ouvert la voie \u00e0 des mod\u00e8les plus performants.<\/p>\t\t\t\t\t\t\t\t\t\t\t\t\t\n\t\t\t\t\t\t\t<h3>1966 &#8211; Cr\u00e9ation d&rsquo;ELIZA, premier robot conversationnel<\/h3>\n\t\t\t\t\t\t\t<p>Lanc\u00e9e par l&rsquo;informaticien Joseph Weizenbaum aux \u00c9tats-Unis, elle simulait un psychoth\u00e9rapeute en formulant en questions les affirmations des patients. M\u00eame s&rsquo;ils la trouvaient humaine, ELIZA ne comprenait pas ce qui lui \u00e9tait dit : pr\u00e9-\u00e9tablies, ses phrases \u00e9taient enrichies de mots prononc\u00e9s par les patients, qui s&rsquo;attachaient \u00e9motionnellement \u00e0 ELIZA, comme la secr\u00e9taire du cr\u00e9ateur elle-m\u00eame.<\/p>\t\t\t\t\t\t\t\t\t\t\t\t\t\n\t\t\t\t\t\t\t<h3>15\/01\/2013 &#8211; Cr\u00e9ation de Word2vec : les mots deviennent des vecteurs<\/h3>\n\t\t\t\t\t\t\t<p>Une \u00e9quipe de chercheurs de Google a con\u00e7u word2vec, une nouvelle m\u00e9thode d&rsquo;apprentissage automatique transformant les mots en vecteurs de nombres r\u00e9els. Ce mod\u00e8le, compos\u00e9 d&rsquo;un r\u00e9seau de neurones artificiels \u00e0 deux couches, est plus facile \u00e0 ex\u00e9cuter et apprend \u00e0 pr\u00e9dire les mots qui apparaissent dans des contextes similaires en analysant de vastes ensembles de donn\u00e9es textuelles.<\/p>\t\t\t\t\t\t\t\t\t\t\t\t\t\n\t\t\t\t\t\t\t<h3>01\/06\/2015 &#8211; D\u00eener fondateur d&rsquo;OpenAI<\/h3>\n\t\t\t\t\t\t\t<p>Sam Altman, pr\u00e9sident de l&rsquo;incubateur Y Combinator, a r\u00e9uni plusieurs entrepreneurs et dirigeants de la tech pour cr\u00e9er une IA g\u00e9n\u00e9rale, tout en distribuant ses b\u00e9n\u00e9fices \u00e9quitablement et en limitant les dangers. Il accueillait Elon Musk, Ilya Sutskever, connu pour ses recherches sur les r\u00e9seaux de neurones, ou Greg Brockman, directeur technique de la solution de paiement Stripe. Le repas a d\u00e9bouch\u00e9 sur la cr\u00e9ation d&rsquo;OpenAI en d\u00e9cembre 2015.<\/p>\t\t\t\t\t\t\t\t\t\t\t\t\t\n\t\t\t\t\t\t\t<h3>09\/03\/2016 &#8211; AlphaGO, une nouvelle victoire de l&rsquo;IA<\/h3>\n\t\t\t\t\t\t\t<p>Alors qu&rsquo;en 1997, le premier ordinateur bat le meilleur joueur d&rsquo;\u00e9checs Garry Kasparov, AlphaGo, programme de DeepMind, atteint un nouveau record en battant le Sud-Cor\u00e9en Lee Sedol au jeu de Go. Longtemps consid\u00e9r\u00e9e comme inimaginable, la machine entra\u00een\u00e9e par Google est en capacit\u00e9 de comprendre les 10^170 combinaisons possibles. Une r\u00e9volution du deep learning !<\/p>\t\t\t\t\t\t\t\t\t\t\t\t\t\n\t\t\t\t\t\t\t<h3>25\/03\/2016 &#8211; Affaire Tay.ia : la tentative avort\u00e9e d&rsquo;un robot utilisateur de Twitter<\/h3>\n\t\t\t\t\t\t\t<p>En mars 2016, Microsoft lance sur Twitter un robot conversationnel capable de mettre en ligne des publications et r\u00e9agir \u00e0 celles des utilisateurs. Le robot a rapidement d\u00e9g\u00e9n\u00e9r\u00e9. En moins de 24 heures, Tay.ia lance des propos racistes, ans\u00e9mites, complotistes et sexistes. Ces d\u00e9rives marqueront la fin la courte vie de cette intelligence artificielle.<\/p>\t\t\t\t\t\t\t\t\t\t\t\t\t\n\t\t\t\t\t\t\t<h3>2017 &#8211; Publication du mod\u00e8le d&rsquo;apprentissage profond \u00ab\u00a0Transformer\u00a0\u00bb par des ing\u00e9nieurs de Google<\/h3>\n\t\t\t\t\t\t\t<p>En juin 2017, une \u00e9quipe de chercheurs de Google publiait un article : \u00ab Attention Is All You Need \u00bb. Les chercheurs d\u00e9voilaient leur nouvelle cr\u00e9ation : le mod\u00e8le \u00ab Transformer \u00bb. Il s&rsquo;agit d&rsquo;un mod\u00e8le de traitement du langage naturel, bas\u00e9 sur une architecture d&rsquo;encodeur-d\u00e9codeur, \u00e0 savoir, un r\u00e9seau de neurones, qui am\u00e9liore la performance de la traduction automatique.<\/p>\t\t\t\t\t\t\t\t\t\t\t\t\t\n\t\t\t\t\t\t\t<h3>Mars 2019 &#8211; Abandon du mod\u00e8le non-lucratif par Open AI<\/h3>\n\t\t\t\t\t\t\t<p>En mars 2019, Open AI devient une entreprise \u00e0 \u00ab\u00a0but lucratif plafonn\u00e9\u00a0\u00bb. En 2015, ses fondateurs d\u00e9claraient pourtant refuser la g\u00e9n\u00e9ration de revenus financiers. Ce retour \u00e0 la r\u00e9alit\u00e9 capitaliste, face \u00e0 la concurrence de Google et Amazon, se traduit par un investissement d&rsquo;un milliard de dollars de Microsoft mais aussi par une fermeture progressive du mod\u00e8le.<\/p>\t\t\t\t\t\t\t\t\t\t\t\t\t\n\t\t\t\t\t\t\t<h3>11\/06\/2020 &#8211; Lancement de GPT-3 par OpenAI<\/h3>\n\t\t\t\t\t\t\t<p>GPT-3 (Generative Pre-trained Transformer 3) est un mod\u00e8le de langage d\u00e9velopp\u00e9 par Open AI. Bas\u00e9 sur des algorithmes d&rsquo;apprentissage, il permet de traiter du langage et a \u00e9t\u00e9 entra\u00een\u00e9 \u00e0 partir de donn\u00e9es de Common Crawl, de corpus WebText2, Books1, Books2 et d&rsquo;articles Wikip\u00e9dia. \u00c9quip\u00e9 de 175 milliards de param\u00e8tres, GPT-3 est plus performant que GPT-2 lanc\u00e9 un an avant.<\/p>\t\t\t\t\t\t\t\t\t\t\t\t\t\n\t\t\t\t\t\t\t<h3>05\/01\/2021 &#8211; Lancement de DALL-E par OpenAI<\/h3>\n\t\t\t\t\t\t\t<p>Ce programme d&rsquo;IA g\u00e9n\u00e9rative est le premier \u00e0 cr\u00e9er des images r\u00e9alistes \u00e0 partir de descriptions textuelles, en utilisant une combinaison de GPT-3 et GAN (Generative Adversarial Network). Il a suscit\u00e9 une vague d&rsquo;inqui\u00e9tude chez les graphistes, et pos\u00e9 la question des droits d&rsquo;auteur des artistes ayant produit les images d&rsquo;entra\u00eenement. Une seconde version a \u00e9t\u00e9 lanc\u00e9e en 2022.<\/p>\t\t\t\t\t\t\t\t\t\t\t\t\t\n\t\t\t\t\t\t\t<h3>01\/05\/2021 &#8211; Google pr\u00e9sente son mod\u00e8le de langage LaMDA<\/h3>\n\t\t\t\t\t\t\t<p>D\u00e9velopp\u00e9 par Google, ce mod\u00e8le de langage pour les applications de dialogue repose sur un r\u00e9seau neuronal open-source de type Transformer. Ce syst\u00e8me permet au LaMDA de tenir des conversations plus naturelles sur de nombreux sujets, parfois avec humour. Ce r\u00e9alisme a amen\u00e9 l&rsquo;ing\u00e9nieur Blake Lemoine \u00e0 lancer l&rsquo;alerte dans les m\u00e9dias avant de quitter Google : LaMDA serait dou\u00e9e de sensibilit\u00e9.<\/p>\t\t\t\t\t\t\t\t\t\t\t\t\t\n\t\t\t\t\t\t\t<h3>30\/11\/2022 &#8211; Lancement de ChatGPT<\/h3>\n\t\t\t\t\t\t\t<p>Nouvelle actualit\u00e9 dans le monde de l&rsquo;IA, ChatGPT, un agent conversationnel puissant, est ouvert librement au public. Il a interrog\u00e9 d\u00e8s son arriv\u00e9e sur sa capacit\u00e9 \u00e0 comprendre et \u00e0 r\u00e9pondre aux diverses demandes de ses utilisateurs. De la cr\u00e9ation de musique au passage des examens les plus prestigieux, rien n&rsquo;arr\u00eate l&rsquo;intelligence artificielle.<\/p>\t\t\t\t\t\t\t\t\t\t\t\t\t\n\t\t\t\t\t\t\t<h3>05\/12\/2022 &#8211; Un succ\u00e8s fulgurant pour ChatGPT<\/h3>\n\t\t\t\t\t\t\t<p>Seulement cinq jours apr\u00e8s sa sortie, ChatGPT avait d\u00e9j\u00e0 atteint un million d&rsquo;utilisateurs, un succ\u00e8s impressionnant compar\u00e9 \u00e0 d&rsquo;autres plateformes populaires. Fin janvier 2023, ce nombre s&rsquo;\u00e9levait \u00e0 100 millions selon les estimations de la banque suisse UBS.<\/p>\t\t\t\t\t\t\t\t\t\t\t\t\t\n\t\t\t\t\t\t\t<h3>18\/01\/2023 &#8211; R\u00e9v\u00e9lations du Time : exploitation de travailleurs kenyans par OpenAI <\/h3>\n\t\t\t\t\t\t\t<p>Le magazine a ainsi d\u00e9voil\u00e9 les dessous d&rsquo;OpenAI. Pour \u00e9viter les potentielles d\u00e9rives de l&rsquo;intelligence artificielle ChatGPT, l&rsquo;entreprise californienne a mis des moyens questionnables. L&rsquo;article r\u00e9v\u00e8le l&rsquo;exploitation de travailleurs kenyans, pay\u00e9s moins de deux dollars de l&rsquo;heure, qui entra\u00eenent l&rsquo;IA \u00e0 rep\u00e9rer les propos toxiques ou discriminants qui pourraient entacher l&rsquo;image de Chat GPT.<\/p>\t\t\t\t\t\t\t\t\t\t\t\t\t\n\t\t\t\t\t\t\t<h3>20\/01\/2023 &#8211; Interdiction de ChatGPT par Sciences Po Paris <\/h3>\n\t\t\t\t\t\t\t<p>Le 27 janvier 2023, Sciences Po Paris a interdit l&rsquo;utilisation de ChatGPT et de tous outils ayant recours \u00e0 l&rsquo;IA. En cas de non-respect de cette interdiction, sauf exception d&rsquo;un usage p\u00e9dagogique encadr\u00e9, les \u00e9tudiants risquent des sanctions allant jusqu&rsquo;\u00e0 l&rsquo;exclusion de l&rsquo;\u00e9tablissement ou de l&rsquo;enseignement sup\u00e9rieur, selon le communiqu\u00e9 publi\u00e9 par le directeur de la formation et de la recherche.<\/p>\t\t\t\t\t\t\t\t\t\t\t\t\t\n\t\t\t\t\t\t\t<h3>07\/02\/2023 &#8211; Int\u00e9gration de Chat GPT \u00e0 Bing<\/h3>\n\t\t\t\t\t\t\t<p>Le moteur de recherche Bing &#8211; \u00e9labor\u00e9 par Microsoft le 9 juin 2009 &#8211; annonc\u00e9 le 7 f\u00e9vrier 2023 l&rsquo;int\u00e9gration de Chat GPT dans sa nouvelle version. Ce nouvel outil conversationnel a d\u00e9j\u00e0 pu \u00eatre test\u00e9 par un public restreint. De son c\u00f4t\u00e9, Google travaille sur le lancement de BARD, son propre prototype de chatbot pour concurrencer Chat GPT.<\/p>\t\t\t\t\t\t\t\t\t\t\t\t\t\n\n","protected":false},"excerpt":{"rendered":"<p>1770 &#8211; Invention du Turc M\u00e9canique, un automate joueur d&rsquo;\u00e9checs. Automate joueur d&rsquo;\u00e9checs, le Turc M\u00e9canique a parcouru les foires d&rsquo;Europe et des Etats-Unis battant notamment Napol\u00e9on et Benjamin Franklin. Ce n&rsquo;est qu&rsquo;en 1855 que le secret est perc\u00e9. La revue Chess Monthly r\u00e9v\u00e8la dans une s\u00e9rie d&rsquo;articles que quelqu&rsquo;un se cachait en r\u00e9alit\u00e9 dans&hellip;<\/p>\n","protected":false},"author":1,"featured_media":732,"parent":0,"menu_order":0,"comment_status":"closed","ping_status":"closed","template":"","meta":{"_acf_changed":false,"footnotes":""},"class_list":["post-107","page","type-page","status-publish","has-post-thumbnail","hentry"],"acf":[],"_links":{"self":[{"href":"https:\/\/chicane-lemag.fr\/15\/wp-json\/wp\/v2\/pages\/107","targetHints":{"allow":["GET"]}}],"collection":[{"href":"https:\/\/chicane-lemag.fr\/15\/wp-json\/wp\/v2\/pages"}],"about":[{"href":"https:\/\/chicane-lemag.fr\/15\/wp-json\/wp\/v2\/types\/page"}],"author":[{"embeddable":true,"href":"https:\/\/chicane-lemag.fr\/15\/wp-json\/wp\/v2\/users\/1"}],"replies":[{"embeddable":true,"href":"https:\/\/chicane-lemag.fr\/15\/wp-json\/wp\/v2\/comments?post=107"}],"version-history":[{"count":0,"href":"https:\/\/chicane-lemag.fr\/15\/wp-json\/wp\/v2\/pages\/107\/revisions"}],"wp:featuredmedia":[{"embeddable":true,"href":"https:\/\/chicane-lemag.fr\/15\/wp-json\/wp\/v2\/media\/732"}],"wp:attachment":[{"href":"https:\/\/chicane-lemag.fr\/15\/wp-json\/wp\/v2\/media?parent=107"}],"curies":[{"name":"wp","href":"https:\/\/api.w.org\/{rel}","templated":true}]}}