{"id":2,"date":"2020-12-03T11:44:44","date_gmt":"2020-12-03T10:44:44","guid":{"rendered":"http:\/\/chicane-lemag.fr\/2013\/?page_id=2"},"modified":"2021-02-17T22:09:26","modified_gmt":"2021-02-17T21:09:26","slug":"page-d-exemple","status":"publish","type":"page","link":"https:\/\/chicane-lemag.fr\/4\/","title":{"rendered":"Page d\u2019exemple"},"content":{"rendered":"\n<h2>\n\t\tCriminalit\u00e9, drogue, violence, ch\u00f4mage\n\t<\/h2>\n\t<h1><b>Les quartiers nord de Marseille : un mythe m\u00e9diatique ?<\/b><\/h1>\n<p>\u00ab Re\u0300glements de compte \u00bb, \u00ab Trafics de drogue \u00bb, \u00ab Violences \u00bb &#8230; Dans les me\u0301dias, les quartiers nord de Marseille sont presque toujours associe\u0301s a\u0300 la violence, celle du jeune de\u0301s\u0153uvre\u0301 qui n&rsquo;a plus que sa kalachnikov pour s&rsquo;en sortir, s&rsquo;il n&rsquo;a pas opte\u0301 pour l&rsquo;inte\u0301grisme religieux. Un miroir de\u0301formant, qui ne refle\u0300te que tre\u0300s partiellement la vie dans ces quartiers. Pourquoi les me\u0301dias ne font-ils pas e\u0301tat de la complexite\u0301 et de la pluralit\u00e9 des quartiers nord ? Comment participent-ils a\u0300 la fabrique de ce mythe me\u0301diatique ?<\/p>\n\t\t\t\t<img loading=\"lazy\" decoding=\"async\" src=\"http:\/\/chicane-lemag.fr\/4\/wp-content\/uploads\/sites\/10\/2021\/02\/Capture-de\u0301cran-2021-02-17-a\u0300-22.05.10.png\" alt=\"Capture d'e\u0301cran 2021-02-17 a\u0300 22.05.10\" height=\"336\" width=\"615\" title=\"Capture d'e\u0301cran 2021-02-17 a\u0300 22.05.10\" \/>\n<strong>Directeur de la publication<br \/>\n<\/strong>Samuel Goe\u0308ta\n<strong>Conception graphique<\/strong><br \/>\nVictor Peyre\n<strong>Directeur de la re\u0301daction<br \/>\n<\/strong>David Courbet\n<strong>Re\u0301dactrice en chef du nume\u0301ro 4<\/strong><br \/>\nMae\u0308va Gardet Pizzo\n<strong>Illustrations<\/strong><br \/>\nLouis Gianotti et Marine\n<strong>Re\u0301dacteurs<\/strong><br \/>\nShirley Ade\u0301lai\u0308de, Fetta Belgacem, Alicia Devineau, Habiba El Manzouni, Mae\u0308va Gardet-Pizzo, Louis Giannotti, Fanny Laurent, Ines Gil, Sara Gaujour, Clement Roul.\n\t\n\t\t\t\t\t<a href=\"http:\/\/chicane-lemag.fr\/4\/2020\/12\/03\/travail-au-bout-du-boulot\/\" title=\"Travail, au bout du boulot\"><\/a>\n\t\t\t\t<img decoding=\"async\" src=\"http:\/\/chicane-lemag.fr\/4\/wp-content\/uploads\/sites\/10\/bb-plugin\/cache\/Sans-titre-1-1536x1160-landscape.png\" alt=\"Sans-titre-1\" data-no-lazy=\"1\" title=\"Sans-titre-1\" \/>\n\t\t\t\t\t\t\t\t\t<h3>\n\t\t\t\t\t\t\t\t\t\t\t\t\t\tTravail, au bout du boulot\t\t\t\t\t\t\t\t\t\t\t<\/h3>\n    \n<p>Mercredi 27 octobre 2020, sous les coups de 20h, la nouvelle d&rsquo;un reconfinement tombe en France. Un coup dur pour les travailleurs \u00e9puis\u00e9s apr\u00e8s des mois d&rsquo;alternance entre t\u00e9l\u00e9travail, ch\u00f4mage partiel et inactivit\u00e9. <\/p>\n\t\n\t\t\t\t\t<a href=\"http:\/\/chicane-lemag.fr\/4\/2020\/12\/03\/repere-controverse\/\" title=\"Les rep\u00e8res de la controverse\"><\/a>\n\t\t\t\t<img loading=\"lazy\" decoding=\"async\" src=\"http:\/\/chicane-lemag.fr\/4\/wp-content\/uploads\/sites\/10\/bb-plugin\/cache\/vignette-repe\u0300re-de-la-controverse-landscape.jpg\" alt=\"vignette - repe\u0300re de la controverse\" data-no-lazy=\"1\" height=\"587\" width=\"576\" title=\"vignette - repe\u0300re de la controverse\" \/>\n\t\t\t\t\t\t\t\t\t<h3>\n\t\t\t\t\t\t\t\t\t\t\t\t\t\tLes rep\u00e8res de la controverse\t\t\t\t\t\t\t\t\t\t\t<\/h3>\n    <p>La carte des acteurs<\/p>\n\t\t<!-- .pp-content-posts -->\n                    <a href=\"https:\/\/www.sciencespo-aix.fr\/\" target=\"_self\" rel=\"noopener noreferrer\">\n                        \t<img decoding=\"async\" src=\"http:\/\/chicane-lemag.fr\/2013\/wp-content\/uploads\/sites\/10\/2020\/12\/220px-Sciences_Po_Aix_logo.svg_.png\" alt=\"http:\/\/chicane-lemag.fr\/2013\/wp-content\/uploads\/sites\/10\/2020\/12\/220px-Sciences_Po_Aix_logo.svg_.png\" data-no-lazy=\"1\" \/>\n                            <\/a>\n                    <a href=\"https:\/\/ejcam.univ-amu.fr\/fr\" target=\"_self\" rel=\"noopener noreferrer\">\n                        \t<img decoding=\"async\" src=\"http:\/\/chicane-lemag.fr\/2013\/wp-content\/uploads\/sites\/10\/2020\/12\/maxresdefault.jpg\" alt=\"http:\/\/chicane-lemag.fr\/2013\/wp-content\/uploads\/sites\/10\/2020\/12\/maxresdefault.jpg\" data-no-lazy=\"1\" \/>\n                            <\/a>\n\n","protected":false},"excerpt":{"rendered":"<p>Criminalit\u00e9, drogue, violence, ch\u00f4mage Les quartiers nord de Marseille : un mythe m\u00e9diatique ? \u00ab Re\u0300glements de compte \u00bb, \u00ab Trafics de drogue \u00bb, \u00ab Violences \u00bb &#8230; Dans les me\u0301dias, les quartiers nord de Marseille sont presque toujours associe\u0301s a\u0300 la violence, celle du jeune de\u0301s\u0153uvre\u0301 qui n&rsquo;a plus que sa kalachnikov pour s&rsquo;en&hellip;<\/p>\n","protected":false},"author":1,"featured_media":0,"parent":0,"menu_order":0,"comment_status":"closed","ping_status":"open","template":"","meta":{"_acf_changed":false,"footnotes":""},"class_list":["post-2","page","type-page","status-publish","hentry"],"acf":[],"_links":{"self":[{"href":"https:\/\/chicane-lemag.fr\/4\/wp-json\/wp\/v2\/pages\/2","targetHints":{"allow":["GET"]}}],"collection":[{"href":"https:\/\/chicane-lemag.fr\/4\/wp-json\/wp\/v2\/pages"}],"about":[{"href":"https:\/\/chicane-lemag.fr\/4\/wp-json\/wp\/v2\/types\/page"}],"author":[{"embeddable":true,"href":"https:\/\/chicane-lemag.fr\/4\/wp-json\/wp\/v2\/users\/1"}],"replies":[{"embeddable":true,"href":"https:\/\/chicane-lemag.fr\/4\/wp-json\/wp\/v2\/comments?post=2"}],"version-history":[{"count":0,"href":"https:\/\/chicane-lemag.fr\/4\/wp-json\/wp\/v2\/pages\/2\/revisions"}],"wp:attachment":[{"href":"https:\/\/chicane-lemag.fr\/4\/wp-json\/wp\/v2\/media?parent=2"}],"curies":[{"name":"wp","href":"https:\/\/api.w.org\/{rel}","templated":true}]}}